{"id":954,"date":"2026-02-21T13:56:09","date_gmt":"2026-02-21T17:56:09","guid":{"rendered":"https:\/\/bancoglobal.dfglobal.com.ve\/?page_id=954"},"modified":"2026-03-11T12:32:46","modified_gmt":"2026-03-11T16:32:46","slug":"banco-global","status":"publish","type":"page","link":"https:\/\/bancoglobal.dfglobal.com.ve\/","title":{"rendered":"Banco Global"},"content":{"rendered":"\t\t<div data-elementor-type=\"wp-page\" data-elementor-id=\"954\" class=\"elementor elementor-954\">\n\t\t\t\t<div class=\"elementor-element elementor-element-efc24b2 e-con-full e-flex e-con e-parent\" data-id=\"efc24b2\" data-element_type=\"container\" data-e-type=\"container\" data-settings=\"{&quot;background_background&quot;:&quot;classic&quot;}\">\n\t\t<div class=\"elementor-element elementor-element-cec43cd e-flex e-con-boxed e-con e-child\" data-id=\"cec43cd\" data-element_type=\"container\" data-e-type=\"container\">\n\t\t\t\t\t<div class=\"e-con-inner\">\n\t\t\t\t<div class=\"elementor-element elementor-element-0884534 elementor-widget elementor-widget-heading\" data-id=\"0884534\" data-element_type=\"widget\" data-e-type=\"widget\" data-widget_type=\"heading.default\">\n\t\t\t\t\t<h2 class=\"elementor-heading-title elementor-size-default\">Banco Global<\/h2>\t\t\t\t<\/div>\n\t\t<div class=\"elementor-element elementor-element-535a950 e-con-full e-grid e-con e-child\" data-id=\"535a950\" data-element_type=\"container\" data-e-type=\"container\">\n\t\t\t\t<div class=\"elementor-element elementor-element-63806da elementor-widget elementor-widget-heading\" data-id=\"63806da\" data-element_type=\"widget\" data-e-type=\"widget\" data-widget_type=\"heading.default\">\n\t\t\t\t\t<h2 class=\"elementor-heading-title elementor-size-default\">67<\/h2>\t\t\t\t<\/div>\n\t\t\t\t<\/div>\n\t\t\t\t<div class=\"elementor-element elementor-element-8b8ef1a elementor-widget elementor-widget-text-editor\" data-id=\"8b8ef1a\" data-element_type=\"widget\" data-e-type=\"widget\" data-widget_type=\"text-editor.default\">\n\t\t\t\t\t\t\t\t\t<h3><span style=\"color: #ffffff;\">\u00abEl puente entre tus ahorros y el ma\u00f1ana.\u00bb<\/span><\/h3>\t\t\t\t\t\t\t\t<\/div>\n\t\t\t\t\t<\/div>\n\t\t\t\t<\/div>\n\t\t<div class=\"elementor-element elementor-element-5b5ec05 e-flex e-con-boxed e-con e-child\" data-id=\"5b5ec05\" data-element_type=\"container\" data-e-type=\"container\">\n\t\t\t\t\t<div class=\"e-con-inner\">\n\t\t\t\t\t<\/div>\n\t\t\t\t<\/div>\n\t\t\t\t<\/div>\n\t\t<div class=\"elementor-element elementor-element-a7be9fe e-flex e-con-boxed e-con e-parent\" data-id=\"a7be9fe\" data-element_type=\"container\" data-e-type=\"container\" id=\"seccion1\" data-settings=\"{&quot;background_background&quot;:&quot;classic&quot;}\">\n\t\t\t\t\t<div class=\"e-con-inner\">\n\t\t\t\t<div class=\"elementor-element elementor-element-13050e6 elementor-widget__width-initial elementor-widget elementor-widget-image\" data-id=\"13050e6\" data-element_type=\"widget\" data-e-type=\"widget\" data-widget_type=\"image.default\">\n\t\t\t\t\t\t\t\t\t\t\t\t\t\t\t<img fetchpriority=\"high\" decoding=\"async\" width=\"768\" height=\"401\" src=\"https:\/\/bancoglobal.dfglobal.com.ve\/wp-content\/uploads\/2026\/02\/Gemini_Generated_Image_7mbgn87mbgn87mbg-768x401.png\" class=\"attachment-medium_large size-medium_large wp-image-1017\" alt=\"\" srcset=\"https:\/\/bancoglobal.dfglobal.com.ve\/wp-content\/uploads\/2026\/02\/Gemini_Generated_Image_7mbgn87mbgn87mbg-768x401.png 768w, https:\/\/bancoglobal.dfglobal.com.ve\/wp-content\/uploads\/2026\/02\/Gemini_Generated_Image_7mbgn87mbgn87mbg-300x157.png 300w, https:\/\/bancoglobal.dfglobal.com.ve\/wp-content\/uploads\/2026\/02\/Gemini_Generated_Image_7mbgn87mbgn87mbg-1024x535.png 1024w, https:\/\/bancoglobal.dfglobal.com.ve\/wp-content\/uploads\/2026\/02\/Gemini_Generated_Image_7mbgn87mbgn87mbg-1000x523.png 1000w, https:\/\/bancoglobal.dfglobal.com.ve\/wp-content\/uploads\/2026\/02\/Gemini_Generated_Image_7mbgn87mbgn87mbg-230x120.png 230w, https:\/\/bancoglobal.dfglobal.com.ve\/wp-content\/uploads\/2026\/02\/Gemini_Generated_Image_7mbgn87mbgn87mbg-350x183.png 350w, https:\/\/bancoglobal.dfglobal.com.ve\/wp-content\/uploads\/2026\/02\/Gemini_Generated_Image_7mbgn87mbgn87mbg-480x251.png 480w, https:\/\/bancoglobal.dfglobal.com.ve\/wp-content\/uploads\/2026\/02\/Gemini_Generated_Image_7mbgn87mbgn87mbg.png 1408w\" sizes=\"(max-width: 768px) 100vw, 768px\" \/>\t\t\t\t\t\t\t\t\t\t\t\t\t\t\t<\/div>\n\t\t\t\t\t<\/div>\n\t\t\t\t<\/div>\n\t\t<div class=\"elementor-element elementor-element-c0636a5 e-con-full e-flex e-con e-parent\" data-id=\"c0636a5\" data-element_type=\"container\" data-e-type=\"container\" id=\"seccion2\" data-settings=\"{&quot;background_background&quot;:&quot;classic&quot;}\">\n\t\t<div class=\"elementor-element elementor-element-6816bad e-con-full e-flex e-con e-child\" data-id=\"6816bad\" data-element_type=\"container\" data-e-type=\"container\" data-settings=\"{&quot;background_background&quot;:&quot;gradient&quot;}\">\n\t\t\t\t<div class=\"elementor-element elementor-element-9605e05 elementor-widget elementor-widget-text-editor\" data-id=\"9605e05\" data-element_type=\"widget\" data-e-type=\"widget\" data-widget_type=\"text-editor.default\">\n\t\t\t\t\t\t\t\t\t<h4 class=\"elementor-icon-box-title\">Mesa de cambio (USD-EUR)<\/h4><h4 class=\"elementor-icon-box-description\">BCV: $\u00a0<span id=\"mesa-cambio-bcv-dolar\">402,3343<\/span>\u00a0\/ \u20ac\u00a0<span id=\"mesa-cambio-bcv-euro\">472,8313<\/span><br \/>BDV: $\u00a0<span id=\"mesa-cambio-bdv-dolar\">402,3343<\/span>\u00a0\/ \u20ac\u00a0<span id=\"mesa-cambio-bdv-euro\">472,8313<\/span><\/h4>\t\t\t\t\t\t\t\t<\/div>\n\t\t\t\t<\/div>\n\t\t<div class=\"elementor-element elementor-element-3eaccf4 e-con-full e-flex e-con e-child\" data-id=\"3eaccf4\" data-element_type=\"container\" data-e-type=\"container\" data-settings=\"{&quot;background_background&quot;:&quot;gradient&quot;}\">\n\t\t\t\t<div class=\"elementor-element elementor-element-599a424 elementor-widget elementor-widget-text-editor\" data-id=\"599a424\" data-element_type=\"widget\" data-e-type=\"widget\" data-widget_type=\"text-editor.default\">\n\t\t\t\t\t\t\t\t\t<h4>Menudeo (USD-EUR)<\/h4><h4 class=\"elementor-icon-box-description\">Compra: $\u00a0<span id=\"menudeo-compra-dolares\">402,3343<\/span>\u00a0\/ \u20ac\u00a0<span id=\"menudeo-compra-euros\">472,8313<\/span><\/h4>\t\t\t\t\t\t\t\t<\/div>\n\t\t\t\t<\/div>\n\t\t<div class=\"elementor-element elementor-element-e1470ee e-con-full e-flex e-con e-child\" data-id=\"e1470ee\" data-element_type=\"container\" data-e-type=\"container\" data-settings=\"{&quot;background_background&quot;:&quot;gradient&quot;}\">\n\t\t\t\t<div class=\"elementor-element elementor-element-d44ae55 elementor-widget elementor-widget-text-editor\" data-id=\"d44ae55\" data-element_type=\"widget\" data-e-type=\"widget\" data-widget_type=\"text-editor.default\">\n\t\t\t\t\t\t\t\t\t<h4 class=\"elementor-icon-box-title\">\u00cdndice de inversi\u00f3n (IDI)<\/h4><h4 class=\"elementor-icon-box-description\"><span id=\"idi\">1,96699129<\/span><\/h4>\t\t\t\t\t\t\t\t<\/div>\n\t\t\t\t<\/div>\n\t\t\t\t<\/div>\n\t\t<div class=\"elementor-element elementor-element-01f9b10 e-flex e-con-boxed e-con e-parent\" data-id=\"01f9b10\" data-element_type=\"container\" data-e-type=\"container\" id=\"seccion3\" data-settings=\"{&quot;background_background&quot;:&quot;classic&quot;}\">\n\t\t\t\t\t<div class=\"e-con-inner\">\n\t\t<div class=\"elementor-element elementor-element-0857bdd e-con-full e-flex e-con e-child\" data-id=\"0857bdd\" data-element_type=\"container\" data-e-type=\"container\" data-settings=\"{&quot;background_background&quot;:&quot;gradient&quot;}\">\n\t\t\t\t<div class=\"elementor-element elementor-element-5724723 elementor-widget__width-initial elementor-widget elementor-widget-image\" data-id=\"5724723\" data-element_type=\"widget\" data-e-type=\"widget\" data-widget_type=\"image.default\">\n\t\t\t\t\t\t\t\t\t\t\t\t\t\t\t<img decoding=\"async\" width=\"1024\" height=\"683\" src=\"https:\/\/bancoglobal.dfglobal.com.ve\/wp-content\/uploads\/2026\/02\/Gemini_Generated_Image_bldvg9bldvg9bldv-1024x683.png\" class=\"attachment-large size-large wp-image-1013\" alt=\"\" srcset=\"https:\/\/bancoglobal.dfglobal.com.ve\/wp-content\/uploads\/2026\/02\/Gemini_Generated_Image_bldvg9bldvg9bldv-1024x683.png 1024w, https:\/\/bancoglobal.dfglobal.com.ve\/wp-content\/uploads\/2026\/02\/Gemini_Generated_Image_bldvg9bldvg9bldv-300x200.png 300w, https:\/\/bancoglobal.dfglobal.com.ve\/wp-content\/uploads\/2026\/02\/Gemini_Generated_Image_bldvg9bldvg9bldv-768x512.png 768w, https:\/\/bancoglobal.dfglobal.com.ve\/wp-content\/uploads\/2026\/02\/Gemini_Generated_Image_bldvg9bldvg9bldv-1000x667.png 1000w, https:\/\/bancoglobal.dfglobal.com.ve\/wp-content\/uploads\/2026\/02\/Gemini_Generated_Image_bldvg9bldvg9bldv-230x153.png 230w, https:\/\/bancoglobal.dfglobal.com.ve\/wp-content\/uploads\/2026\/02\/Gemini_Generated_Image_bldvg9bldvg9bldv-350x233.png 350w, https:\/\/bancoglobal.dfglobal.com.ve\/wp-content\/uploads\/2026\/02\/Gemini_Generated_Image_bldvg9bldvg9bldv-480x320.png 480w, https:\/\/bancoglobal.dfglobal.com.ve\/wp-content\/uploads\/2026\/02\/Gemini_Generated_Image_bldvg9bldvg9bldv.png 1248w\" sizes=\"(max-width: 1024px) 100vw, 1024px\" \/>\t\t\t\t\t\t\t\t\t\t\t\t\t\t\t<\/div>\n\t\t\t\t<\/div>\n\t\t<div class=\"elementor-element elementor-element-6974f9c e-con-full e-flex e-con e-child\" data-id=\"6974f9c\" data-element_type=\"container\" data-e-type=\"container\" data-settings=\"{&quot;background_background&quot;:&quot;gradient&quot;}\">\n\t\t\t\t<div class=\"elementor-element elementor-element-f527d3b elementor-widget elementor-widget-text-editor\" data-id=\"f527d3b\" data-element_type=\"widget\" data-e-type=\"widget\" data-widget_type=\"text-editor.default\">\n\t\t\t\t\t\t\t\t\t<h1>Quienes Somos?<\/h1><h4>Somos una instituci\u00f3n financiera de nueva generaci\u00f3n dise\u00f1ada para un mundo sin fronteras. Nacimos con la misi\u00f3n de democratizar el acceso a servicios bancarios de \u00e9lite, combinando la seguridad de la banca tradicional con la agilidad de la tecnolog\u00eda Fintech.<\/h4>\t\t\t\t\t\t\t\t<\/div>\n\t\t\t\t<\/div>\n\t\t\t\t\t<\/div>\n\t\t\t\t<\/div>\n\t\t<div class=\"elementor-element elementor-element-dfcf928 e-flex e-con-boxed e-con e-parent\" data-id=\"dfcf928\" data-element_type=\"container\" data-e-type=\"container\" id=\"secciion4\" data-settings=\"{&quot;background_background&quot;:&quot;classic&quot;}\">\n\t\t\t\t\t<div class=\"e-con-inner\">\n\t\t<div class=\"elementor-element elementor-element-4072aa9 e-con-full e-flex e-con e-child\" data-id=\"4072aa9\" data-element_type=\"container\" data-e-type=\"container\">\n\t\t\t\t<div class=\"elementor-element elementor-element-0439794 elementor-widget elementor-widget-text-editor\" data-id=\"0439794\" data-element_type=\"widget\" data-e-type=\"widget\" data-widget_type=\"text-editor.default\">\n\t\t\t\t\t\t\t\t\t<h2 data-path-to-node=\"5\"><b data-path-to-node=\"5\" data-index-in-node=\"0\">Nuestra Misi\u00f3n<\/b><\/h2><h4 data-path-to-node=\"6\">Conectar las aspiraciones de nuestros clientes con los mercados globales, eliminando las barreras geogr\u00e1ficas y simplificando la gesti\u00f3n del patrimonio a trav\u00e9s de herramientas digitales intuitivas.<\/h4>\t\t\t\t\t\t\t\t<\/div>\n\t\t\t\t<\/div>\n\t\t<div class=\"elementor-element elementor-element-62112fb e-con-full e-flex e-con e-child\" data-id=\"62112fb\" data-element_type=\"container\" data-e-type=\"container\">\n\t\t\t\t<div class=\"elementor-element elementor-element-584564a elementor-widget elementor-widget-text-editor\" data-id=\"584564a\" data-element_type=\"widget\" data-e-type=\"widget\" data-widget_type=\"text-editor.default\">\n\t\t\t\t\t\t\t\t\t<h2 data-path-to-node=\"10\"><b data-path-to-node=\"10\" data-index-in-node=\"0\">\u00bfPor qu\u00e9 elegirnos?<\/b><\/h2><h4 data-path-to-node=\"11\">Porque entendemos que hoy en d\u00eda, tu banco debe estar donde t\u00fa est\u00e9s. Ya sea que necesites <b data-path-to-node=\"11\" data-index-in-node=\"91\">adquirir un punto de venta<\/b> para tu comercio local o gestionar activos en el extranjero, estamos ah\u00ed para asegurar que tu dinero trabaje tan duro como t\u00fa.<\/h4>\t\t\t\t\t\t\t\t<\/div>\n\t\t\t\t<\/div>\n\t\t\t\t\t<\/div>\n\t\t\t\t<\/div>\n\t\t<div class=\"elementor-element elementor-element-32d48df e-flex e-con-boxed e-con e-parent\" data-id=\"32d48df\" data-element_type=\"container\" data-e-type=\"container\" id=\"seccion5\" data-settings=\"{&quot;background_background&quot;:&quot;classic&quot;}\">\n\t\t\t\t\t<div class=\"e-con-inner\">\n\t\t<div class=\"elementor-element elementor-element-b9b26ea e-con-full e-flex e-con e-child\" data-id=\"b9b26ea\" data-element_type=\"container\" data-e-type=\"container\">\n\t\t\t\t<div class=\"elementor-element elementor-element-14c6378 elementor-widget elementor-widget-text-editor\" data-id=\"14c6378\" data-element_type=\"widget\" data-e-type=\"widget\" data-widget_type=\"text-editor.default\">\n\t\t\t\t\t\t\t\t\t<h1>tipos de servicos<\/h1>\t\t\t\t\t\t\t\t<\/div>\n\t\t\t\t<\/div>\n\t\t<div class=\"elementor-element elementor-element-da839ce e-con-full e-flex e-con e-child\" data-id=\"da839ce\" data-element_type=\"container\" data-e-type=\"container\">\n\t\t\t\t<div class=\"elementor-element elementor-element-0c6ace1 elementor-widget elementor-widget-text-editor\" data-id=\"0c6ace1\" data-element_type=\"widget\" data-e-type=\"widget\" data-widget_type=\"text-editor.default\">\n\t\t\t\t\t\t\t\t\t<h5>*Financiamiento para\u00a0 Emprendedores<\/h5><h5>*Tarjetas de D\u00e9bito\/Cr\u00e9dito\u00a0 \u00a0Virtuales<\/h5><h5>*Inversiones en Mercados Internacionales<\/h5>\t\t\t\t\t\t\t\t<\/div>\n\t\t\t\t<\/div>\n\t\t<div class=\"elementor-element elementor-element-1d84f23 e-con-full e-flex e-con e-child\" data-id=\"1d84f23\" data-element_type=\"container\" data-e-type=\"container\">\n\t\t\t\t<div class=\"elementor-element elementor-element-2f14d9b elementor-widget elementor-widget-text-editor\" data-id=\"2f14d9b\" data-element_type=\"widget\" data-e-type=\"widget\" data-widget_type=\"text-editor.default\">\n\t\t\t\t\t\t\t\t\t<h5>*Cuentas Multidivisa<\/h5><h5>*Pagom\u00f3vil Global<\/h5><h5>*Puntos de Venta (POS)<\/h5>\t\t\t\t\t\t\t\t<\/div>\n\t\t\t\t<\/div>\n\t\t\t\t\t<\/div>\n\t\t\t\t<\/div>\n\t\t<div class=\"elementor-element elementor-element-8fe66cc e-flex e-con-boxed e-con e-parent\" data-id=\"8fe66cc\" data-element_type=\"container\" data-e-type=\"container\" data-settings=\"{&quot;background_background&quot;:&quot;classic&quot;}\">\n\t\t\t\t\t<div class=\"e-con-inner\">\n\t\t\t\t<div class=\"elementor-element elementor-element-6beca61 elementor-widget elementor-widget-image\" data-id=\"6beca61\" data-element_type=\"widget\" data-e-type=\"widget\" data-widget_type=\"image.default\">\n\t\t\t\t\t\t\t\t\t\t\t\t\t\t\t<img decoding=\"async\" width=\"1024\" height=\"448\" src=\"https:\/\/bancoglobal.dfglobal.com.ve\/wp-content\/uploads\/2026\/02\/Gemini_Generated_Image_ktxljnktxljnktxl-1024x448.png\" class=\"attachment-large size-large wp-image-1023\" alt=\"\" srcset=\"https:\/\/bancoglobal.dfglobal.com.ve\/wp-content\/uploads\/2026\/02\/Gemini_Generated_Image_ktxljnktxljnktxl-1024x448.png 1024w, https:\/\/bancoglobal.dfglobal.com.ve\/wp-content\/uploads\/2026\/02\/Gemini_Generated_Image_ktxljnktxljnktxl-300x131.png 300w, https:\/\/bancoglobal.dfglobal.com.ve\/wp-content\/uploads\/2026\/02\/Gemini_Generated_Image_ktxljnktxljnktxl-768x336.png 768w, https:\/\/bancoglobal.dfglobal.com.ve\/wp-content\/uploads\/2026\/02\/Gemini_Generated_Image_ktxljnktxljnktxl-1000x438.png 1000w, https:\/\/bancoglobal.dfglobal.com.ve\/wp-content\/uploads\/2026\/02\/Gemini_Generated_Image_ktxljnktxljnktxl-230x101.png 230w, https:\/\/bancoglobal.dfglobal.com.ve\/wp-content\/uploads\/2026\/02\/Gemini_Generated_Image_ktxljnktxljnktxl-350x153.png 350w, https:\/\/bancoglobal.dfglobal.com.ve\/wp-content\/uploads\/2026\/02\/Gemini_Generated_Image_ktxljnktxljnktxl-480x210.png 480w, https:\/\/bancoglobal.dfglobal.com.ve\/wp-content\/uploads\/2026\/02\/Gemini_Generated_Image_ktxljnktxljnktxl.png 1536w\" sizes=\"(max-width: 1024px) 100vw, 1024px\" \/>\t\t\t\t\t\t\t\t\t\t\t\t\t\t\t<\/div>\n\t\t\t\t\t<\/div>\n\t\t\t\t<\/div>\n\t\t<div class=\"elementor-element elementor-element-044602a e-flex e-con-boxed e-con e-parent\" data-id=\"044602a\" data-element_type=\"container\" data-e-type=\"container\" data-settings=\"{&quot;background_background&quot;:&quot;classic&quot;}\">\n\t\t\t\t\t<div class=\"e-con-inner\">\n\t\t<div class=\"elementor-element elementor-element-290f5d8 e-con-full e-flex e-con e-child\" data-id=\"290f5d8\" data-element_type=\"container\" data-e-type=\"container\">\n\t\t\t\t<div class=\"elementor-element elementor-element-2f383c3 elementor-widget elementor-widget-text-editor\" data-id=\"2f383c3\" data-element_type=\"widget\" data-e-type=\"widget\" data-widget_type=\"text-editor.default\">\n\t\t\t\t\t\t\t\t\t<h2 style=\"text-align: center;\">\u00abEl mundo ya no tiene fronteras. Tu dinero tampoco deber\u00eda tenerlas.\u00bb<\/h2>\t\t\t\t\t\t\t\t<\/div>\n\t\t\t\t<\/div>\n\t\t\t\t\t<\/div>\n\t\t\t\t<\/div>\n\t\t\t\t<\/div>\n\t\t","protected":false},"excerpt":{"rendered":"<p>Banco Global 67 \u00abEl puente entre tus ahorros y el ma\u00f1ana.\u00bb Mesa de cambio (USD-EUR) BCV: $\u00a0402,3343\u00a0\/ \u20ac\u00a0472,8313BDV: $\u00a0402,3343\u00a0\/ \u20ac\u00a0472,8313 Menudeo (USD-EUR) [&hellip;]<\/p>\n","protected":false},"author":1,"featured_media":0,"parent":0,"menu_order":0,"comment_status":"closed","ping_status":"closed","template":"page-templates\/page_front-page.php","meta":{"footnotes":""},"class_list":["post-954","page","type-page","status-publish","hentry"],"_links":{"self":[{"href":"https:\/\/bancoglobal.dfglobal.com.ve\/index.php\/wp-json\/wp\/v2\/pages\/954","targetHints":{"allow":["GET"]}}],"collection":[{"href":"https:\/\/bancoglobal.dfglobal.com.ve\/index.php\/wp-json\/wp\/v2\/pages"}],"about":[{"href":"https:\/\/bancoglobal.dfglobal.com.ve\/index.php\/wp-json\/wp\/v2\/types\/page"}],"author":[{"embeddable":true,"href":"https:\/\/bancoglobal.dfglobal.com.ve\/index.php\/wp-json\/wp\/v2\/users\/1"}],"replies":[{"embeddable":true,"href":"https:\/\/bancoglobal.dfglobal.com.ve\/index.php\/wp-json\/wp\/v2\/comments?post=954"}],"version-history":[{"count":61,"href":"https:\/\/bancoglobal.dfglobal.com.ve\/index.php\/wp-json\/wp\/v2\/pages\/954\/revisions"}],"predecessor-version":[{"id":1050,"href":"https:\/\/bancoglobal.dfglobal.com.ve\/index.php\/wp-json\/wp\/v2\/pages\/954\/revisions\/1050"}],"wp:attachment":[{"href":"https:\/\/bancoglobal.dfglobal.com.ve\/index.php\/wp-json\/wp\/v2\/media?parent=954"}],"curies":[{"name":"wp","href":"https:\/\/api.w.org\/{rel}","templated":true}]}}